{"id":7700,"date":"2018-05-24T15:10:15","date_gmt":"2018-05-24T13:10:15","guid":{"rendered":"http:\/\/www.galoppbilder.se\/blogg\/?page_id=7700"},"modified":"2018-05-24T15:10:15","modified_gmt":"2018-05-24T13:10:15","slug":"integritetspolicy","status":"publish","type":"page","link":"http:\/\/www.galoppbilder.se\/blogg\/?page_id=7700","title":{"rendered":"Integritetspolicy"},"content":{"rendered":"<h2>Vem \u00e4r jag<\/h2>\n<p>Stefan Olsson, CAVOK photo. Min webbplatsadress \u00e4r: http:\/\/www.galoppbilder.se&nbsp;<\/p>\n<h2>Vilka personuppgifter jag samlar in och varf\u00f6r jag samlar in dem<\/h2>\n<h3>Kommentarer<\/h3>\n<p>N\u00e4r bes\u00f6kare l\u00e4mnar kommentarer p\u00e5 webbplatsen samlar jag in de uppgifter som visas i kommentarsformul\u00e4ret samt bes\u00f6karens ip-adress och user agent-str\u00e4ng som hj\u00e4lp f\u00f6r detektering av skr\u00e4pmeddelanden.<\/p>\n<p>En anonymiserad str\u00e4ng som skapats utifr\u00e5n din e-postadress (\u00e4ven kallat hash-v\u00e4rde) kan komma att s\u00e4ndas till tj\u00e4nsten Gravatar f\u00f6r att avg\u00f6ra om du finns registrerad d\u00e4r. Integritetspolicyn f\u00f6r tj\u00e4nsten Gravatar finns p\u00e5 https:\/\/automattic.com\/privacy\/. N\u00e4r din kommentar har godk\u00e4nts kommer din profilbild att visas publikt tillsammans med din kommentar.<\/p>\n<h3>Kontaktformul\u00e4r<\/h3>\n<p>N\u00e4r du som bes\u00f6kare l\u00e4mnar ett personligt meddelande via webbplatsen samlar jag in de uppgifter som skrivs in i kommentarsformul\u00e4ret. Informationen du uppger anv\u00e4nds inte f\u00f6r n\u00e5got annat \u00e4n sj\u00e4lva mejl- eller telefonkonversationen.&nbsp;<\/p>\n<h3>Cookie-filer<\/h3>\n<p>Om du l\u00e4mnar en kommentar p\u00e5 min webbplats kan du v\u00e4lja att spara ditt namn, din e-postadress och webbplatsadress i cookie-filer. Detta \u00e4r f\u00f6r din bekv\u00e4mlighet f\u00f6r att du inte ska beh\u00f6va fylla i dessa uppgifter igen n\u00e4sta g\u00e5ng du skriver en kommentar. Dessa cookie-filer g\u00e4ller i ett \u00e5r.<\/p>\n<h3>Inb\u00e4ddad inneh\u00e5ll fr\u00e5n andra webbplatser<\/h3>\n<p>Artiklar p\u00e5 denna webbplats kan inneh\u00e5lla inb\u00e4ddat inneh\u00e5ll (exempelvis videoklipp, bilder, artiklar o.s.v.). Inb\u00e4ddat inneh\u00e5ll fr\u00e5n andra webbplatser beter sig precis p\u00e5 samma s\u00e4tt som om bes\u00f6karen har bes\u00f6kt den andra webbplatsen.<\/p>\n<p>Dessa webbplatser kan samla in uppgifter om dig, anv\u00e4nda cookie-filer, b\u00e4dda in ytterligare sp\u00e5rning fr\u00e5n tredje part och \u00f6vervaka din interaktion med sagda inb\u00e4ddade inneh\u00e5ll, inklusive sp\u00e5rning av din interaktion med detta inb\u00e4ddade inneh\u00e5ll om du har ett konto och \u00e4r inloggad p\u00e5 webbplatsen i fr\u00e5ga.<\/p>\n<h3>Analys<\/h3>\n<p>Webbplatsen anv\u00e4nder trafikanalys fr\u00e5n andra webbplatser, exempelvis Google Analytics, f\u00f6r att sp\u00e5ra exempelvis antalet bes\u00f6kare p\u00e5 sidan och vilka sidor som bes\u00f6ks. Ingen personlig information samlas in genom dessa program. Informationen sparas endast under en begr\u00e4nsad tid. Analysen g\u00f6rs prim\u00e4rt f\u00f6r att f\u00f6rb\u00e4ttra upplevelsen f\u00f6r dig som bes\u00f6kare. Webbplatsen anv\u00e4nder \u00e4ven s\u00e4kerhetsprogram som bevakar data trafiken f\u00f6r att reducera risken f\u00f6r intr\u00e5ng.&nbsp;<\/p>\n<h2>Hur l\u00e4nge jag beh\u00e5ller dina uppgifter<\/h2>\n<p>Om du skriver en kommentar kommer kommentaren och dess metadata att sparas utan tidsgr\u00e4ns. Anledningen till detta \u00e4r att jag beh\u00f6ver kunna hitta och godk\u00e4nna uppf\u00f6ljningskommentarer automatiskt och inte l\u00e4gga dem i k\u00f6 f\u00f6r granskning.<\/p>\n<h2>Vilka r\u00e4ttigheter du har \u00f6ver dina data<\/h2>\n<p>Om du har skrivit n\u00e5gra kommentarer p\u00e5 denna webbplats kan du beg\u00e4ra en exportfil med de personuppgifter jag har om dig, inklusive alla uppgifter du har gett mig. Du kan ocks\u00e5 beg\u00e4ra att jag tar bort alla personuppgifter jag har om dig.&nbsp;<\/p>\n<h2>Vart jag skickar dina uppgifter<\/h2>\n<p>Kommentarer fr\u00e5n bes\u00f6kare kanske kontrolleras via en automatiserad tj\u00e4nst f\u00f6r detektering av skr\u00e4ppost.<\/p>\n<h2>Kontaktinformation<\/h2>\n<p>&gt; <a href=\"http:\/\/www.galoppbilder.se\/blogg\/?page_id=4745\">H\u00e4r finner du mina kontaktuppgifter<\/a>&nbsp;<\/p>\n","protected":false},"excerpt":{"rendered":"<p>Vem \u00e4r jag Stefan Olsson, CAVOK photo. Min webbplatsadress \u00e4r: http:\/\/www.galoppbilder.se&nbsp; Vilka personuppgifter jag samlar in och varf\u00f6r jag samlar in dem Kommentarer N\u00e4r bes\u00f6kare l\u00e4mnar kommentarer p\u00e5 webbplatsen samlar jag in de uppgifter som visas i kommentarsformul\u00e4ret samt bes\u00f6karens ip-adress och user agent-str\u00e4ng som hj\u00e4lp f\u00f6r detektering av skr\u00e4pmeddelanden. En anonymiserad str\u00e4ng som skapats &hellip; <a href=\"http:\/\/www.galoppbilder.se\/blogg\/?page_id=7700\" class=\"more-link\">Forts\u00e4tt l\u00e4sa<span class=\"screen-reader-text\"> \u201dIntegritetspolicy\u201d<\/span><\/a><\/p>\n","protected":false},"author":5,"featured_media":0,"parent":0,"menu_order":0,"comment_status":"closed","ping_status":"closed","template":"","meta":{"ngg_post_thumbnail":0,"footnotes":""},"class_list":["post-7700","page","type-page","status-publish","hentry"],"aioseo_notices":[],"_links":{"self":[{"href":"http:\/\/www.galoppbilder.se\/blogg\/index.php?rest_route=\/wp\/v2\/pages\/7700","targetHints":{"allow":["GET"]}}],"collection":[{"href":"http:\/\/www.galoppbilder.se\/blogg\/index.php?rest_route=\/wp\/v2\/pages"}],"about":[{"href":"http:\/\/www.galoppbilder.se\/blogg\/index.php?rest_route=\/wp\/v2\/types\/page"}],"author":[{"embeddable":true,"href":"http:\/\/www.galoppbilder.se\/blogg\/index.php?rest_route=\/wp\/v2\/users\/5"}],"replies":[{"embeddable":true,"href":"http:\/\/www.galoppbilder.se\/blogg\/index.php?rest_route=%2Fwp%2Fv2%2Fcomments&post=7700"}],"version-history":[{"count":1,"href":"http:\/\/www.galoppbilder.se\/blogg\/index.php?rest_route=\/wp\/v2\/pages\/7700\/revisions"}],"predecessor-version":[{"id":7701,"href":"http:\/\/www.galoppbilder.se\/blogg\/index.php?rest_route=\/wp\/v2\/pages\/7700\/revisions\/7701"}],"wp:attachment":[{"href":"http:\/\/www.galoppbilder.se\/blogg\/index.php?rest_route=%2Fwp%2Fv2%2Fmedia&parent=7700"}],"curies":[{"name":"wp","href":"https:\/\/api.w.org\/{rel}","templated":true}]}}